{"id":5344,"date":"2023-08-03T16:54:18","date_gmt":"2023-08-03T14:54:18","guid":{"rendered":"https:\/\/chateaupaloumey.com\/our-wines\/chateau-la-bessane-2018\/"},"modified":"2024-02-06T09:08:16","modified_gmt":"2024-02-06T08:08:16","slug":"chateau-la-bessane-2018","status":"publish","type":"product","link":"https:\/\/chateaupaloumey.com\/en\/buy-our-wines\/chateau-la-bessane-2018\/","title":{"rendered":"Chateau La Bessane 2018"},"content":{"rendered":"<p>Dark, fleshy fruit on the nose The palate is smooth and dense, with a good structure and a very pleasant sweetness, characteristic of Petit Verdot. A great wine for laying down, the tannins will benefit from being forgotten for a few years in your cellars.<img fetchpriority=\"high\" decoding=\"async\" class=\"alignnone size-medium wp-image-4328\" src=\"https:\/\/chateaupaloumey.com\/wp-content\/uploads\/\/bessane-carre-300x300.jpg\" alt=\"\" width=\"300\" height=\"300\"><\/p>\n","protected":false},"excerpt":{"rendered":"<pre>Ch\u00e2teau La Bessane 2018 incarne l'intensit\u00e9 et la typicit\u00e9 de l'appellation Margaux, offrant une exp\u00e9rience de d\u00e9gustation gourmande.<\/pre>\n","protected":false},"featured_media":4329,"template":"","meta":{"_acf_changed":false,"_mo_disable_npp":"","inline_featured_image":false},"product_brand":[],"product_cat":[113],"product_tag":[118],"class_list":{"0":"post-5344","1":"product","2":"type-product","3":"status-publish","4":"has-post-thumbnail","6":"product_cat-chateau-la-bessane-en","7":"product_tag-margaux-en","9":"first","10":"instock","11":"taxable","12":"shipping-taxable","13":"purchasable","14":"product-type-variable"},"acf":[],"yoast_head":"<!-- This site is optimized with the Yoast SEO plugin v27.3 - https:\/\/yoast.com\/product\/yoast-seo-wordpress\/ -->\n<title>Chateau La Bessane 2018 - Ch\u00e2teau Paloumey<\/title>\n<meta name=\"robots\" content=\"index, follow, max-snippet:-1, max-image-preview:large, max-video-preview:-1\" \/>\n<link rel=\"canonical\" href=\"https:\/\/chateaupaloumey.com\/en\/buy-our-wines\/chateau-la-bessane-2018\/\" \/>\n<meta property=\"og:locale\" content=\"en_US\" \/>\n<meta property=\"og:type\" content=\"article\" \/>\n<meta property=\"og:title\" content=\"Chateau La Bessane 2018 - Ch\u00e2teau Paloumey\" \/>\n<meta property=\"og:url\" content=\"https:\/\/chateaupaloumey.com\/en\/buy-our-wines\/chateau-la-bessane-2018\/\" \/>\n<meta property=\"og:site_name\" content=\"Ch\u00e2teau Paloumey\" \/>\n<meta property=\"article:modified_time\" content=\"2024-02-06T08:08:16+00:00\" \/>\n<meta property=\"og:image\" content=\"https:\/\/chateaupaloumey.com\/wp-content\/uploads\/bessane-carre-scaled-e1689240659210.jpg\" \/>\n\t<meta property=\"og:image:width\" content=\"2560\" \/>\n\t<meta property=\"og:image:height\" content=\"2560\" \/>\n\t<meta property=\"og:image:type\" content=\"image\/jpeg\" \/>\n<meta name=\"twitter:card\" content=\"summary_large_image\" \/>\n<script type=\"application\/ld+json\" class=\"yoast-schema-graph\">{\"@context\":\"https:\\\/\\\/schema.org\",\"@graph\":[{\"@type\":\"WebPage\",\"@id\":\"https:\\\/\\\/chateaupaloumey.com\\\/en\\\/buy-our-wines\\\/chateau-la-bessane-2018\\\/\",\"url\":\"https:\\\/\\\/chateaupaloumey.com\\\/en\\\/buy-our-wines\\\/chateau-la-bessane-2018\\\/\",\"name\":\"Chateau La Bessane 2018 - Ch\u00e2teau Paloumey\",\"isPartOf\":{\"@id\":\"https:\\\/\\\/chateaupaloumey.com\\\/en\\\/#website\"},\"primaryImageOfPage\":{\"@id\":\"https:\\\/\\\/chateaupaloumey.com\\\/en\\\/buy-our-wines\\\/chateau-la-bessane-2018\\\/#primaryimage\"},\"image\":{\"@id\":\"https:\\\/\\\/chateaupaloumey.com\\\/en\\\/buy-our-wines\\\/chateau-la-bessane-2018\\\/#primaryimage\"},\"thumbnailUrl\":\"https:\\\/\\\/chateaupaloumey.com\\\/wp-content\\\/uploads\\\/bessane-carre-scaled-e1689240659210.jpg\",\"datePublished\":\"2023-08-03T14:54:18+00:00\",\"dateModified\":\"2024-02-06T08:08:16+00:00\",\"breadcrumb\":{\"@id\":\"https:\\\/\\\/chateaupaloumey.com\\\/en\\\/buy-our-wines\\\/chateau-la-bessane-2018\\\/#breadcrumb\"},\"inLanguage\":\"en-US\",\"potentialAction\":[{\"@type\":\"ReadAction\",\"target\":[\"https:\\\/\\\/chateaupaloumey.com\\\/en\\\/buy-our-wines\\\/chateau-la-bessane-2018\\\/\"]}]},{\"@type\":\"ImageObject\",\"inLanguage\":\"en-US\",\"@id\":\"https:\\\/\\\/chateaupaloumey.com\\\/en\\\/buy-our-wines\\\/chateau-la-bessane-2018\\\/#primaryimage\",\"url\":\"https:\\\/\\\/chateaupaloumey.com\\\/wp-content\\\/uploads\\\/bessane-carre-scaled-e1689240659210.jpg\",\"contentUrl\":\"https:\\\/\\\/chateaupaloumey.com\\\/wp-content\\\/uploads\\\/bessane-carre-scaled-e1689240659210.jpg\",\"width\":690,\"height\":690},{\"@type\":\"BreadcrumbList\",\"@id\":\"https:\\\/\\\/chateaupaloumey.com\\\/en\\\/buy-our-wines\\\/chateau-la-bessane-2018\\\/#breadcrumb\",\"itemListElement\":[{\"@type\":\"ListItem\",\"position\":1,\"name\":\"Home\",\"item\":\"https:\\\/\\\/chateaupaloumey.com\\\/en\\\/\"},{\"@type\":\"ListItem\",\"position\":2,\"name\":\"Buy our wines\",\"item\":\"https:\\\/\\\/chateaupaloumey.com\\\/en\\\/buy-our-wines\\\/\"},{\"@type\":\"ListItem\",\"position\":3,\"name\":\"Chateau La Bessane 2018\"}]},{\"@type\":\"WebSite\",\"@id\":\"https:\\\/\\\/chateaupaloumey.com\\\/en\\\/#website\",\"url\":\"https:\\\/\\\/chateaupaloumey.com\\\/en\\\/\",\"name\":\"Ch\u00e2teau Paloumey\",\"description\":\"L\u2019EXCELLENCE DES CRUS BOURGEOIS du M\u00e9doc\",\"publisher\":{\"@id\":\"https:\\\/\\\/chateaupaloumey.com\\\/en\\\/#organization\"},\"alternateName\":\"Paloumey\",\"potentialAction\":[{\"@type\":\"SearchAction\",\"target\":{\"@type\":\"EntryPoint\",\"urlTemplate\":\"https:\\\/\\\/chateaupaloumey.com\\\/en\\\/?s={search_term_string}\"},\"query-input\":{\"@type\":\"PropertyValueSpecification\",\"valueRequired\":true,\"valueName\":\"search_term_string\"}}],\"inLanguage\":\"en-US\"},{\"@type\":\"Organization\",\"@id\":\"https:\\\/\\\/chateaupaloumey.com\\\/en\\\/#organization\",\"name\":\"Ch\u00e2teau Paloumey\",\"alternateName\":\"Paloumey\",\"url\":\"https:\\\/\\\/chateaupaloumey.com\\\/en\\\/\",\"logo\":{\"@type\":\"ImageObject\",\"inLanguage\":\"en-US\",\"@id\":\"https:\\\/\\\/chateaupaloumey.com\\\/en\\\/#\\\/schema\\\/logo\\\/image\\\/\",\"url\":\"https:\\\/\\\/chateaupaloumey.com\\\/wp-content\\\/uploads\\\/Sans-titre-4.png\",\"contentUrl\":\"https:\\\/\\\/chateaupaloumey.com\\\/wp-content\\\/uploads\\\/Sans-titre-4.png\",\"width\":430,\"height\":257,\"caption\":\"Ch\u00e2teau Paloumey\"},\"image\":{\"@id\":\"https:\\\/\\\/chateaupaloumey.com\\\/en\\\/#\\\/schema\\\/logo\\\/image\\\/\"}}]}<\/script>\n<!-- \/ Yoast SEO plugin. -->","yoast_head_json":{"title":"Chateau La Bessane 2018 - Ch\u00e2teau Paloumey","robots":{"index":"index","follow":"follow","max-snippet":"max-snippet:-1","max-image-preview":"max-image-preview:large","max-video-preview":"max-video-preview:-1"},"canonical":"https:\/\/chateaupaloumey.com\/en\/buy-our-wines\/chateau-la-bessane-2018\/","og_locale":"en_US","og_type":"article","og_title":"Chateau La Bessane 2018 - Ch\u00e2teau Paloumey","og_url":"https:\/\/chateaupaloumey.com\/en\/buy-our-wines\/chateau-la-bessane-2018\/","og_site_name":"Ch\u00e2teau Paloumey","article_modified_time":"2024-02-06T08:08:16+00:00","og_image":[{"width":2560,"height":2560,"url":"https:\/\/chateaupaloumey.com\/wp-content\/uploads\/bessane-carre-scaled-e1689240659210.jpg","type":"image\/jpeg"}],"twitter_card":"summary_large_image","schema":{"@context":"https:\/\/schema.org","@graph":[{"@type":"WebPage","@id":"https:\/\/chateaupaloumey.com\/en\/buy-our-wines\/chateau-la-bessane-2018\/","url":"https:\/\/chateaupaloumey.com\/en\/buy-our-wines\/chateau-la-bessane-2018\/","name":"Chateau La Bessane 2018 - Ch\u00e2teau Paloumey","isPartOf":{"@id":"https:\/\/chateaupaloumey.com\/en\/#website"},"primaryImageOfPage":{"@id":"https:\/\/chateaupaloumey.com\/en\/buy-our-wines\/chateau-la-bessane-2018\/#primaryimage"},"image":{"@id":"https:\/\/chateaupaloumey.com\/en\/buy-our-wines\/chateau-la-bessane-2018\/#primaryimage"},"thumbnailUrl":"https:\/\/chateaupaloumey.com\/wp-content\/uploads\/bessane-carre-scaled-e1689240659210.jpg","datePublished":"2023-08-03T14:54:18+00:00","dateModified":"2024-02-06T08:08:16+00:00","breadcrumb":{"@id":"https:\/\/chateaupaloumey.com\/en\/buy-our-wines\/chateau-la-bessane-2018\/#breadcrumb"},"inLanguage":"en-US","potentialAction":[{"@type":"ReadAction","target":["https:\/\/chateaupaloumey.com\/en\/buy-our-wines\/chateau-la-bessane-2018\/"]}]},{"@type":"ImageObject","inLanguage":"en-US","@id":"https:\/\/chateaupaloumey.com\/en\/buy-our-wines\/chateau-la-bessane-2018\/#primaryimage","url":"https:\/\/chateaupaloumey.com\/wp-content\/uploads\/bessane-carre-scaled-e1689240659210.jpg","contentUrl":"https:\/\/chateaupaloumey.com\/wp-content\/uploads\/bessane-carre-scaled-e1689240659210.jpg","width":690,"height":690},{"@type":"BreadcrumbList","@id":"https:\/\/chateaupaloumey.com\/en\/buy-our-wines\/chateau-la-bessane-2018\/#breadcrumb","itemListElement":[{"@type":"ListItem","position":1,"name":"Home","item":"https:\/\/chateaupaloumey.com\/en\/"},{"@type":"ListItem","position":2,"name":"Buy our wines","item":"https:\/\/chateaupaloumey.com\/en\/buy-our-wines\/"},{"@type":"ListItem","position":3,"name":"Chateau La Bessane 2018"}]},{"@type":"WebSite","@id":"https:\/\/chateaupaloumey.com\/en\/#website","url":"https:\/\/chateaupaloumey.com\/en\/","name":"Ch\u00e2teau Paloumey","description":"L\u2019EXCELLENCE DES CRUS BOURGEOIS du M\u00e9doc","publisher":{"@id":"https:\/\/chateaupaloumey.com\/en\/#organization"},"alternateName":"Paloumey","potentialAction":[{"@type":"SearchAction","target":{"@type":"EntryPoint","urlTemplate":"https:\/\/chateaupaloumey.com\/en\/?s={search_term_string}"},"query-input":{"@type":"PropertyValueSpecification","valueRequired":true,"valueName":"search_term_string"}}],"inLanguage":"en-US"},{"@type":"Organization","@id":"https:\/\/chateaupaloumey.com\/en\/#organization","name":"Ch\u00e2teau Paloumey","alternateName":"Paloumey","url":"https:\/\/chateaupaloumey.com\/en\/","logo":{"@type":"ImageObject","inLanguage":"en-US","@id":"https:\/\/chateaupaloumey.com\/en\/#\/schema\/logo\/image\/","url":"https:\/\/chateaupaloumey.com\/wp-content\/uploads\/Sans-titre-4.png","contentUrl":"https:\/\/chateaupaloumey.com\/wp-content\/uploads\/Sans-titre-4.png","width":430,"height":257,"caption":"Ch\u00e2teau Paloumey"},"image":{"@id":"https:\/\/chateaupaloumey.com\/en\/#\/schema\/logo\/image\/"}}]}},"_links":{"self":[{"href":"https:\/\/chateaupaloumey.com\/en\/wp-json\/wp\/v2\/product\/5344","targetHints":{"allow":["GET"]}}],"collection":[{"href":"https:\/\/chateaupaloumey.com\/en\/wp-json\/wp\/v2\/product"}],"about":[{"href":"https:\/\/chateaupaloumey.com\/en\/wp-json\/wp\/v2\/types\/product"}],"wp:featuredmedia":[{"embeddable":true,"href":"https:\/\/chateaupaloumey.com\/en\/wp-json\/wp\/v2\/media\/4329"}],"wp:attachment":[{"href":"https:\/\/chateaupaloumey.com\/en\/wp-json\/wp\/v2\/media?parent=5344"}],"wp:term":[{"taxonomy":"product_brand","embeddable":true,"href":"https:\/\/chateaupaloumey.com\/en\/wp-json\/wp\/v2\/product_brand?post=5344"},{"taxonomy":"product_cat","embeddable":true,"href":"https:\/\/chateaupaloumey.com\/en\/wp-json\/wp\/v2\/product_cat?post=5344"},{"taxonomy":"product_tag","embeddable":true,"href":"https:\/\/chateaupaloumey.com\/en\/wp-json\/wp\/v2\/product_tag?post=5344"}],"curies":[{"name":"wp","href":"https:\/\/api.w.org\/{rel}","templated":true}]}}