{"id":4683,"date":"2023-04-26T11:49:31","date_gmt":"2023-04-26T09:49:31","guid":{"rendered":"https:\/\/chateaupaloumey.com\/legal-notice\/"},"modified":"2023-11-30T12:57:15","modified_gmt":"2023-11-30T11:57:15","slug":"legal-notice","status":"publish","type":"page","link":"https:\/\/chateaupaloumey.com\/en\/legal-notice\/","title":{"rendered":"Legal notice"},"content":{"rendered":"\t\t<div data-elementor-type=\"wp-page\" data-elementor-id=\"4683\" class=\"elementor elementor-4683 elementor-190\" data-elementor-post-type=\"page\">\n\t\t\t\t\t\t<section class=\"elementor-section elementor-top-section elementor-element elementor-element-c4cd995 elementor-section-height-min-height elementor-section-items-bottom elementor-section-content-bottom elementor-section-boxed elementor-section-height-default\" data-id=\"c4cd995\" data-element_type=\"section\" data-e-type=\"section\">\n\t\t\t\t\t\t<div class=\"elementor-container elementor-column-gap-custom\">\n\t\t\t\t\t<div class=\"elementor-column elementor-col-100 elementor-top-column elementor-element elementor-element-ec75f41\" data-id=\"ec75f41\" data-element_type=\"column\" data-e-type=\"column\">\n\t\t\t<div class=\"elementor-widget-wrap elementor-element-populated\">\n\t\t\t\t\t\t<div class=\"elementor-element elementor-element-01f04a4 elementor-widget elementor-widget-woocommerce-breadcrumb\" data-id=\"01f04a4\" data-element_type=\"widget\" data-e-type=\"widget\" data-widget_type=\"woocommerce-breadcrumb.default\">\n\t\t\t\t<div class=\"elementor-widget-container\">\n\t\t\t\t\t<nav class=\"woocommerce-breadcrumb\" aria-label=\"Breadcrumb\">Home<\/nav>\t\t\t\t<\/div>\n\t\t\t\t<\/div>\n\t\t<div class=\"elementor-element elementor-element-731c69b e-flex e-con-boxed e-con e-parent\" data-id=\"731c69b\" data-element_type=\"container\" data-e-type=\"container\">\n\t\t\t\t\t<div class=\"e-con-inner\">\n\t\t\t\t<div class=\"elementor-element elementor-element-c591577 elementor-widget elementor-widget-heading\" data-id=\"c591577\" data-element_type=\"widget\" data-e-type=\"widget\" data-widget_type=\"heading.default\">\n\t\t\t\t<div class=\"elementor-widget-container\">\n\t\t\t\t\t<h1 class=\"elementor-heading-title elementor-size-default\">Legal notice<\/h1>\t\t\t\t<\/div>\n\t\t\t\t<\/div>\n\t\t\t\t<div class=\"elementor-element elementor-element-5bd921d elementor-widget elementor-widget-text-editor\" data-id=\"5bd921d\" data-element_type=\"widget\" data-e-type=\"widget\" data-widget_type=\"text-editor.default\">\n\t\t\t\t<div class=\"elementor-widget-container\">\n\t\t\t\t\t\t\t\t\t<p>This website is owned by <strong>Ch\u00e2teau Paloumey<\/strong>, a company with a share capital of \u20ac1,502,100, represented by <strong>Mr. Pierre Cazeneuve<\/strong> and registered with the Bordeaux Trade and Companies Register under the number <strong>Bordeaux B 353 653 421<\/strong>.<\/p>\n\t\t\t\t\t\t\t\t<\/div>\n\t\t\t\t<\/div>\n\t\t\t\t\t<\/div>\n\t\t\t\t<\/div>\n\t\t\t\t\t<\/div>\n\t\t<\/div>\n\t\t\t\t\t<\/div>\n\t\t<\/section>\n\t\t<div class=\"elementor-element elementor-element-27047ef e-flex e-con-boxed e-con e-parent\" data-id=\"27047ef\" data-element_type=\"container\" data-e-type=\"container\">\n\t\t\t\t\t<div class=\"e-con-inner\">\n\t\t<div class=\"elementor-element elementor-element-ce687fc e-con-full e-flex e-con e-parent\" data-id=\"ce687fc\" data-element_type=\"container\" data-e-type=\"container\">\n\t\t\t\t<div class=\"elementor-element elementor-element-4137e9b elementor-widget elementor-widget-heading\" data-id=\"4137e9b\" data-element_type=\"widget\" data-e-type=\"widget\" data-widget_type=\"heading.default\">\n\t\t\t\t<div class=\"elementor-widget-container\">\n\t\t\t\t\t<h2 class=\"elementor-heading-title elementor-size-default\">Creation<\/h2>\t\t\t\t<\/div>\n\t\t\t\t<\/div>\n\t\t\t\t<div class=\"elementor-element elementor-element-5f1c046 elementor-widget elementor-widget-text-editor\" data-id=\"5f1c046\" data-element_type=\"widget\" data-e-type=\"widget\" data-widget_type=\"text-editor.default\">\n\t\t\t\t<div class=\"elementor-widget-container\">\n\t\t\t\t\t\t\t\t\t<p><strong>EENOV<\/strong><br \/>SAS (Soci\u00e9t\u00e9 par Actions Simplifi\u00e9e) with a share capital of \u20ac50,000<br \/>25 Rue Marcel Issartier<br \/>Centre d\u2019affaires Aeroparc<br \/>33700 MERIGNAC<br \/>FRANCE<\/p>\n<p>Phone: <span style=\"text-decoration: underline;\"><a href=\"tel:+330557530231\">05.57.53.02.31<\/a><\/span><br \/>Email : <span style=\"text-decoration: underline;\"><a href=\"mailto:contact@eenov.com\">contact@eenov.com<\/a><\/span><\/p>\n<p>RCS Bordeaux B 479 022 386<br \/>Code NAF 6201Z<br \/>SIRET 479 022 386 00037<\/p>\n\t\t\t\t\t\t\t\t<\/div>\n\t\t\t\t<\/div>\n\t\t\t\t<\/div>\n\t\t<div class=\"elementor-element elementor-element-92a1caf e-con-full e-flex e-con e-parent\" data-id=\"92a1caf\" data-element_type=\"container\" data-e-type=\"container\">\n\t\t\t\t<div class=\"elementor-element elementor-element-f2194ff elementor-widget elementor-widget-heading\" data-id=\"f2194ff\" data-element_type=\"widget\" data-e-type=\"widget\" data-widget_type=\"heading.default\">\n\t\t\t\t<div class=\"elementor-widget-container\">\n\t\t\t\t\t<h2 class=\"elementor-heading-title elementor-size-default\">Hosting<\/h2>\t\t\t\t<\/div>\n\t\t\t\t<\/div>\n\t\t\t\t<div class=\"elementor-element elementor-element-cd97e31 elementor-widget elementor-widget-text-editor\" data-id=\"cd97e31\" data-element_type=\"widget\" data-e-type=\"widget\" data-widget_type=\"text-editor.default\">\n\t\t\t\t<div class=\"elementor-widget-container\">\n\t\t\t\t\t\t\t\t\t<p><strong>OVH<\/strong><br \/>SAS (Soci\u00e9t\u00e9 par Actions Simplifi\u00e9e) with a share capital of \u20ac500,000<br \/>2 rue Kellermann<br \/>59100 Roubaix<br \/>FRANCE<\/p>\n<p>RCS Roubaix \u2013 Tourcoing 424 761 419<br \/>Code APE 6202A<br \/>N\u00b0 TVA FR 22 424 761 419<\/p>\n\t\t\t\t\t\t\t\t<\/div>\n\t\t\t\t<\/div>\n\t\t\t\t<\/div>\n\t\t\t\t\t<\/div>\n\t\t\t\t<\/div>\n\t\t<div class=\"elementor-element elementor-element-3df5ddd e-flex e-con-boxed e-con e-parent\" data-id=\"3df5ddd\" data-element_type=\"container\" data-e-type=\"container\">\n\t\t\t\t\t<div class=\"e-con-inner\">\n\t\t<div class=\"elementor-element elementor-element-6c13b8f e-flex e-con-boxed e-con e-parent\" data-id=\"6c13b8f\" data-element_type=\"container\" data-e-type=\"container\">\n\t\t\t\t\t<div class=\"e-con-inner\">\n\t\t\t\t<div class=\"elementor-element elementor-element-ae136cd elementor-widget elementor-widget-text-editor\" data-id=\"ae136cd\" data-element_type=\"widget\" data-e-type=\"widget\" data-widget_type=\"text-editor.default\">\n\t\t\t\t<div class=\"elementor-widget-container\">\n\t\t\t\t\t\t\t\t\t<h2>1. General Terms and Conditions of Use of the Website and Services Offered.<\/h2>\n<p>The use of the website <a href=\"https:\/\/chateaupaloumey.com\/\">chateaupaloumey.com<\/a> implies the full and complete acceptance of the following General Terms and Conditions of Use. These terms of use may be modified or supplemented at any time; therefore, users of the <a href=\"https:\/\/chateaupaloumey.com\/\">chateaupaloumey.com<\/a> website are encouraged to regularly review them.<\/p>\n<p>This site is normally accessible at all times to users. An interruption for technical maintenance reasons may, however, be decided by Ch\u00e2teau Paloumey, who will make every effort to communicate the dates and times of the intervention to users in advance.<\/p>\n<p>The <a href=\"https:\/\/chateaupaloumey.com\/\">chateaupaloumey.com<\/a> website is regularly updated by Mr. Pierre Cazeneuve. Likewise, the legal notice may be modified or supplemented at any time. However, users of the chateaupaloumey.com website are advised to consult them regularly to stay informed.<\/p>\n<h2>2. DESCRIPTION OF SERVICES PROVIDED.<\/h2>\n<p>The purpose of the <a href=\"https:\/\/chateaupaloumey.com\/\">chateaupaloumey.com<\/a> website is to provide information about all activities of the company.<\/p>\n<p>Ch\u00e2teau Paloumey strives to provide as accurate information as possible on the <a href=\"https:\/\/chateaupaloumey.com\/\">chateaupaloumey.com<\/a> website. However, it shall not be held responsible for any omissions, inaccuracies, or deficiencies in the update, whether due to its own actions or those of third-party partners providing the information.<\/p>\n<p>All information on the <a href=\"https:\/\/chateaupaloumey.com\/\">chateaupaloumey.com<\/a> website is provided for indicative purposes and may be subject to change. Furthermore, the information on the <a href=\"https:\/\/chateaupaloumey.com\/\">chateaupaloumey.com<\/a> website is not exhaustive. There are subject to modifications that may have been made since its online publication.<\/p>\n<h2>3. CONTRACTUAL LIMITATIONS ON TECHNICAL DATA.<\/h2>\n<p>The website uses JavaScript technology.<\/p>\n<p>The website shall not be held liable for any material damages related to the use of the site. Additionally, the website user commits to accessing the site using recent hardware, free from viruses, and with an up-to-date modern browser.<\/p>\n<h2>4. INTELLECTUAL PROPERTY AND COUNTERFEITING.<\/h2>\n<p>Ch\u00e2teau Paloumey owns the intellectual property rights or holds the rights to use all elements accessible on the site, including texts, images, graphics, logos, icons, sounds, and software.<\/p>\n<p>Any reproduction, representation, modification, publication, adaptation of all or part of the elements of the site, regardless of the means or process used, is prohibited, unless prior written authorization is obtained from Ch\u00e2teau Paloumey.<\/p>\n<p>Any unauthorized exploitation of the site or any of its elements may be considered as counterfeiting and subject to legal action in accordance with the provisions of articles L.335-2 and following of the Intellectual Property Code.<\/p>\n<h2>5. LIMITATION OF LIABILITY.<\/h2>\n<p>Ch\u00e2teau Paloumey shall not be held liable for direct or indirect damages caused to the user&#8217;s equipment while accessing the <a href=\"https:\/\/chateaupaloumey.com\/\">chateaupaloumey.com<\/a> website, resulting either from the use of equipment that does not meet the specifications indicated in point 4, or from the occurrence of a bug or incompatibility.<\/p>\n<p>Ch\u00e2teau Paloumey shall also not be liable for indirect damages, such as loss of market or loss of opportunity, resulting from the use of the <a href=\"https:\/\/chateaupaloumey.com\/\">chateaupaloumey.com<\/a> website.<\/p>\n<p>Interactive spaces (opportunity to ask questions in the contact area) are available to users. Ch\u00e2teau Paloumey reserves the right to remove, without prior notice, any content posted in these spaces that would contravene applicable laws in France, particularly with regard to data protection. If necessary, Ch\u00e2teau Paloumey also reserves the right to engage the user&#8217;s civil and\/or criminal liability, especially in case of racist, offensive, defamatory, or pornographic messages, regardless of the medium used (text, photograph, etc.).<\/p>\n<h2>6. MANAGEMENT OF PERSONAL DATA.<\/h2>\n<p>In France, personal data is notably protected by law n\u00b0 78-87 of January 6, 1978, law n\u00b0 2004-801 of August 6, 2004, article L. 226-13 of the Criminal Code, and the European Directive of October 24, 1995.<\/p>\n<p>When using the <a href=\"https:\/\/chateaupaloumey.com\/\">chateaupaloumey.com<\/a> website, the following data may be collected: the URL of the links through which the user accessed the <a href=\"https:\/\/chateaupaloumey.com\/\">chateaupaloumey.com<\/a> website, the user&#8217;s internet service provider, and the user&#8217;s Internet Protocol (IP) address.<\/p>\n<p>In any case, Ch\u00e2teau Paloumey only collects personal information related to the user for the purpose of certain services offered by the <a href=\"https:\/\/chateaupaloumey.com\/\">chateaupaloumey.com<\/a> website. The user provides this information with full knowledge, particularly when entering it themselves. The user of the <a href=\"https:\/\/chateaupaloumey.com\/\">chateaupaloumey.com<\/a> website is then informed whether the provision of this information is mandatory or not.<\/p>\n<p>In accordance with the provisions of articles 38 and following of law 78-17 of January 6, 1978, known as the Data Protection Act, any user has the right to access, rectify, and oppose personal data concerning them, by making a written and signed request, accompanied by a copy of their identity document with the signature of the document holder, and specifying the address to which the response should be sent.<\/p>\n<p>No personal information of the user of the <a href=\"https:\/\/chateaupaloumey.com\/\">chateaupaloumey.com<\/a> website is published without the user&#8217;s knowledge, exchanged, transferred, assigned, or sold on any medium to third parties. The only exception would be in the event of the sale of Ch\u00e2teau Paloumey and its rights, in which case the transmission of such information to the potential buyer would be subject to the same obligation to retain and modify data with respect to the user of the <a href=\"https:\/\/chateaupaloumey.com\/\">chateaupaloumey.com<\/a> website.<\/p>\n<p>The databases are protected by the provisions of the law of July 1, 1998, transposing directive 96\/9 of March 11, 1996, on the legal protection of databases.<\/p>\n<h2>7. APPLICABLE LAW AND JURISDICTION..<\/h2>\n<p>Any dispute related to the use of the <a href=\"https:\/\/chateaupaloumey.com\/\">chateaupaloumey.com<\/a> website shall be governed by French law. Exclusive jurisdiction is granted to the competent courts of Bordeaux.<\/p>\n<h2>8. MAIN LAWS CONCERNED.<\/h2>\n<p>Law n\u00b0 78-17 of January 6, 1978, notably amended by law n\u00b0 2004-801 of August 6, 2004, relating to data processing, files, and freedoms.<\/p>\n<p>Law n\u00b0 2004-575 of June 21, 2004, relating to trust in the digital economy.<\/p>\n<h2>9. PHOTO CREDITS.<\/h2>\n<ul>\n<li>Ch\u00e2teau Paloumey<\/li>\n<\/ul>\n<h2>10. GLOSSARY.<\/h2>\n<p>User: Internet user connecting to and using the aforementioned site.<\/p>\n<p>Personal information: &#8220;information that allows, in any form whatsoever, directly or indirectly, the identification of the natural persons to whom it applies&#8221; (article 4 of law n\u00b0 78-17 of January 6, 1978).<\/p>\n\t\t\t\t\t\t\t\t<\/div>\n\t\t\t\t<\/div>\n\t\t\t\t\t<\/div>\n\t\t\t\t<\/div>\n\t\t\t\t\t<\/div>\n\t\t\t\t<\/div>\n\t\t\t\t<\/div>\n\t\t","protected":false},"excerpt":{"rendered":"<p>Legal notice This website is owned by Ch\u00e2teau Paloumey, a company with a share capital of \u20ac1,502,100, represented by Mr. Pierre Cazeneuve and registered with the Bordeaux Trade and Companies Register under the number Bordeaux B 353 653 421. Creation EENOVSAS (Soci\u00e9t\u00e9 par Actions Simplifi\u00e9e) with a share capital of \u20ac50,00025 Rue Marcel IssartierCentre d\u2019affaires [&hellip;]<\/p>\n","protected":false},"author":1,"featured_media":0,"parent":0,"menu_order":11,"comment_status":"closed","ping_status":"closed","template":"","meta":{"_acf_changed":false,"_mo_disable_npp":"","inline_featured_image":false,"footnotes":""},"class_list":["post-4683","page","type-page","status-publish","hentry"],"acf":[],"yoast_head":"<!-- This site is optimized with the Yoast SEO plugin v27.3 - https:\/\/yoast.com\/product\/yoast-seo-wordpress\/ -->\n<title>Legal notice - Ch\u00e2teau Paloumey<\/title>\n<meta name=\"robots\" content=\"index, follow, max-snippet:-1, max-image-preview:large, max-video-preview:-1\" \/>\n<link rel=\"canonical\" href=\"https:\/\/chateaupaloumey.com\/en\/legal-notice\/\" \/>\n<meta property=\"og:locale\" content=\"en_US\" \/>\n<meta property=\"og:type\" content=\"article\" \/>\n<meta property=\"og:title\" content=\"Legal notice - Ch\u00e2teau Paloumey\" \/>\n<meta property=\"og:description\" content=\"Legal notice This website is owned by Ch\u00e2teau Paloumey, a company with a share capital of \u20ac1,502,100, represented by Mr. Pierre Cazeneuve and registered with the Bordeaux Trade and Companies Register under the number Bordeaux B 353 653 421. Creation EENOVSAS (Soci\u00e9t\u00e9 par Actions Simplifi\u00e9e) with a share capital of \u20ac50,00025 Rue Marcel IssartierCentre d\u2019affaires [&hellip;]\" \/>\n<meta property=\"og:url\" content=\"https:\/\/chateaupaloumey.com\/en\/legal-notice\/\" \/>\n<meta property=\"og:site_name\" content=\"Ch\u00e2teau Paloumey\" \/>\n<meta property=\"article:modified_time\" content=\"2023-11-30T11:57:15+00:00\" \/>\n<meta property=\"og:image\" content=\"https:\/\/chateaupaloumey.com\/wp-content\/uploads\/CHATEAU-PALOUMEY-2bis.jpg\" \/>\n\t<meta property=\"og:image:width\" content=\"530\" \/>\n\t<meta property=\"og:image:height\" content=\"539\" \/>\n\t<meta property=\"og:image:type\" content=\"image\/jpeg\" \/>\n<meta name=\"twitter:card\" content=\"summary_large_image\" \/>\n<meta name=\"twitter:label1\" content=\"Est. reading time\" \/>\n\t<meta name=\"twitter:data1\" content=\"5 minutes\" \/>\n<script type=\"application\/ld+json\" class=\"yoast-schema-graph\">{\"@context\":\"https:\\\/\\\/schema.org\",\"@graph\":[{\"@type\":\"WebPage\",\"@id\":\"https:\\\/\\\/chateaupaloumey.com\\\/en\\\/legal-notice\\\/\",\"url\":\"https:\\\/\\\/chateaupaloumey.com\\\/en\\\/legal-notice\\\/\",\"name\":\"Legal notice - Ch\u00e2teau Paloumey\",\"isPartOf\":{\"@id\":\"https:\\\/\\\/chateaupaloumey.com\\\/en\\\/#website\"},\"datePublished\":\"2023-04-26T09:49:31+00:00\",\"dateModified\":\"2023-11-30T11:57:15+00:00\",\"breadcrumb\":{\"@id\":\"https:\\\/\\\/chateaupaloumey.com\\\/en\\\/legal-notice\\\/#breadcrumb\"},\"inLanguage\":\"en-US\",\"potentialAction\":[{\"@type\":\"ReadAction\",\"target\":[\"https:\\\/\\\/chateaupaloumey.com\\\/en\\\/legal-notice\\\/\"]}]},{\"@type\":\"BreadcrumbList\",\"@id\":\"https:\\\/\\\/chateaupaloumey.com\\\/en\\\/legal-notice\\\/#breadcrumb\",\"itemListElement\":[{\"@type\":\"ListItem\",\"position\":1,\"name\":\"Home\",\"item\":\"https:\\\/\\\/chateaupaloumey.com\\\/en\\\/\"},{\"@type\":\"ListItem\",\"position\":2,\"name\":\"Legal notice\"}]},{\"@type\":\"WebSite\",\"@id\":\"https:\\\/\\\/chateaupaloumey.com\\\/en\\\/#website\",\"url\":\"https:\\\/\\\/chateaupaloumey.com\\\/en\\\/\",\"name\":\"Ch\u00e2teau Paloumey\",\"description\":\"L\u2019EXCELLENCE DES CRUS BOURGEOIS du M\u00e9doc\",\"publisher\":{\"@id\":\"https:\\\/\\\/chateaupaloumey.com\\\/en\\\/#organization\"},\"alternateName\":\"Paloumey\",\"potentialAction\":[{\"@type\":\"SearchAction\",\"target\":{\"@type\":\"EntryPoint\",\"urlTemplate\":\"https:\\\/\\\/chateaupaloumey.com\\\/en\\\/?s={search_term_string}\"},\"query-input\":{\"@type\":\"PropertyValueSpecification\",\"valueRequired\":true,\"valueName\":\"search_term_string\"}}],\"inLanguage\":\"en-US\"},{\"@type\":\"Organization\",\"@id\":\"https:\\\/\\\/chateaupaloumey.com\\\/en\\\/#organization\",\"name\":\"Ch\u00e2teau Paloumey\",\"alternateName\":\"Paloumey\",\"url\":\"https:\\\/\\\/chateaupaloumey.com\\\/en\\\/\",\"logo\":{\"@type\":\"ImageObject\",\"inLanguage\":\"en-US\",\"@id\":\"https:\\\/\\\/chateaupaloumey.com\\\/en\\\/#\\\/schema\\\/logo\\\/image\\\/\",\"url\":\"https:\\\/\\\/chateaupaloumey.com\\\/wp-content\\\/uploads\\\/Sans-titre-4.png\",\"contentUrl\":\"https:\\\/\\\/chateaupaloumey.com\\\/wp-content\\\/uploads\\\/Sans-titre-4.png\",\"width\":430,\"height\":257,\"caption\":\"Ch\u00e2teau Paloumey\"},\"image\":{\"@id\":\"https:\\\/\\\/chateaupaloumey.com\\\/en\\\/#\\\/schema\\\/logo\\\/image\\\/\"}}]}<\/script>\n<!-- \/ Yoast SEO plugin. -->","yoast_head_json":{"title":"Legal notice - Ch\u00e2teau Paloumey","robots":{"index":"index","follow":"follow","max-snippet":"max-snippet:-1","max-image-preview":"max-image-preview:large","max-video-preview":"max-video-preview:-1"},"canonical":"https:\/\/chateaupaloumey.com\/en\/legal-notice\/","og_locale":"en_US","og_type":"article","og_title":"Legal notice - Ch\u00e2teau Paloumey","og_description":"Legal notice This website is owned by Ch\u00e2teau Paloumey, a company with a share capital of \u20ac1,502,100, represented by Mr. Pierre Cazeneuve and registered with the Bordeaux Trade and Companies Register under the number Bordeaux B 353 653 421. Creation EENOVSAS (Soci\u00e9t\u00e9 par Actions Simplifi\u00e9e) with a share capital of \u20ac50,00025 Rue Marcel IssartierCentre d\u2019affaires [&hellip;]","og_url":"https:\/\/chateaupaloumey.com\/en\/legal-notice\/","og_site_name":"Ch\u00e2teau Paloumey","article_modified_time":"2023-11-30T11:57:15+00:00","og_image":[{"width":530,"height":539,"url":"https:\/\/chateaupaloumey.com\/wp-content\/uploads\/CHATEAU-PALOUMEY-2bis.jpg","type":"image\/jpeg"}],"twitter_card":"summary_large_image","twitter_misc":{"Est. reading time":"5 minutes"},"schema":{"@context":"https:\/\/schema.org","@graph":[{"@type":"WebPage","@id":"https:\/\/chateaupaloumey.com\/en\/legal-notice\/","url":"https:\/\/chateaupaloumey.com\/en\/legal-notice\/","name":"Legal notice - Ch\u00e2teau Paloumey","isPartOf":{"@id":"https:\/\/chateaupaloumey.com\/en\/#website"},"datePublished":"2023-04-26T09:49:31+00:00","dateModified":"2023-11-30T11:57:15+00:00","breadcrumb":{"@id":"https:\/\/chateaupaloumey.com\/en\/legal-notice\/#breadcrumb"},"inLanguage":"en-US","potentialAction":[{"@type":"ReadAction","target":["https:\/\/chateaupaloumey.com\/en\/legal-notice\/"]}]},{"@type":"BreadcrumbList","@id":"https:\/\/chateaupaloumey.com\/en\/legal-notice\/#breadcrumb","itemListElement":[{"@type":"ListItem","position":1,"name":"Home","item":"https:\/\/chateaupaloumey.com\/en\/"},{"@type":"ListItem","position":2,"name":"Legal notice"}]},{"@type":"WebSite","@id":"https:\/\/chateaupaloumey.com\/en\/#website","url":"https:\/\/chateaupaloumey.com\/en\/","name":"Ch\u00e2teau Paloumey","description":"L\u2019EXCELLENCE DES CRUS BOURGEOIS du M\u00e9doc","publisher":{"@id":"https:\/\/chateaupaloumey.com\/en\/#organization"},"alternateName":"Paloumey","potentialAction":[{"@type":"SearchAction","target":{"@type":"EntryPoint","urlTemplate":"https:\/\/chateaupaloumey.com\/en\/?s={search_term_string}"},"query-input":{"@type":"PropertyValueSpecification","valueRequired":true,"valueName":"search_term_string"}}],"inLanguage":"en-US"},{"@type":"Organization","@id":"https:\/\/chateaupaloumey.com\/en\/#organization","name":"Ch\u00e2teau Paloumey","alternateName":"Paloumey","url":"https:\/\/chateaupaloumey.com\/en\/","logo":{"@type":"ImageObject","inLanguage":"en-US","@id":"https:\/\/chateaupaloumey.com\/en\/#\/schema\/logo\/image\/","url":"https:\/\/chateaupaloumey.com\/wp-content\/uploads\/Sans-titre-4.png","contentUrl":"https:\/\/chateaupaloumey.com\/wp-content\/uploads\/Sans-titre-4.png","width":430,"height":257,"caption":"Ch\u00e2teau Paloumey"},"image":{"@id":"https:\/\/chateaupaloumey.com\/en\/#\/schema\/logo\/image\/"}}]}},"_links":{"self":[{"href":"https:\/\/chateaupaloumey.com\/en\/wp-json\/wp\/v2\/pages\/4683","targetHints":{"allow":["GET"]}}],"collection":[{"href":"https:\/\/chateaupaloumey.com\/en\/wp-json\/wp\/v2\/pages"}],"about":[{"href":"https:\/\/chateaupaloumey.com\/en\/wp-json\/wp\/v2\/types\/page"}],"author":[{"embeddable":true,"href":"https:\/\/chateaupaloumey.com\/en\/wp-json\/wp\/v2\/users\/1"}],"replies":[{"embeddable":true,"href":"https:\/\/chateaupaloumey.com\/en\/wp-json\/wp\/v2\/comments?post=4683"}],"version-history":[{"count":1,"href":"https:\/\/chateaupaloumey.com\/en\/wp-json\/wp\/v2\/pages\/4683\/revisions"}],"predecessor-version":[{"id":4684,"href":"https:\/\/chateaupaloumey.com\/en\/wp-json\/wp\/v2\/pages\/4683\/revisions\/4684"}],"wp:attachment":[{"href":"https:\/\/chateaupaloumey.com\/en\/wp-json\/wp\/v2\/media?parent=4683"}],"curies":[{"name":"wp","href":"https:\/\/api.w.org\/{rel}","templated":true}]}}